{"id":4968,"date":"2021-05-16T20:09:45","date_gmt":"2021-05-16T18:09:45","guid":{"rendered":"https:\/\/www.laboratoires-africa.com\/?page_id=4968"},"modified":"2021-05-16T20:12:31","modified_gmt":"2021-05-16T18:12:31","slug":"my-account","status":"publish","type":"page","link":"https:\/\/www.laboratoires-africa.com\/en\/my-account\/","title":{"rendered":"My Account"},"content":{"rendered":"\t\t<div data-elementor-type=\"wp-page\" data-elementor-id=\"4968\" class=\"elementor elementor-4968\" data-elementor-settings=\"[]\">\n\t\t\t\t\t\t\t<div class=\"elementor-section-wrap\">\n\t\t\t\t\t\t\t<section class=\"elementor-section elementor-top-section elementor-element elementor-element-dbf98de elementor-section-boxed elementor-section-height-default elementor-section-height-default\" data-id=\"dbf98de\" data-element_type=\"section\">\n\t\t\t\t\t\t<div class=\"elementor-container elementor-column-gap-no\">\n\t\t\t\t\t<div class=\"elementor-column elementor-col-100 elementor-top-column elementor-element elementor-element-62972562\" data-id=\"62972562\" data-element_type=\"column\">\n\t\t\t<div class=\"elementor-widget-wrap elementor-element-populated\">\n\t\t\t\t\t\t\t\t<div class=\"elementor-element elementor-element-458980ed elementor-widget elementor-widget-shortcode\" data-id=\"458980ed\" data-element_type=\"widget\" data-widget_type=\"shortcode.default\">\n\t\t\t\t<div class=\"elementor-widget-container\">\n\t\t\t\t\t<div class=\"elementor-shortcode\"><div class=\"woocommerce\"><\/div><\/div>\n\t\t\t\t<\/div>\n\t\t\t\t<\/div>\n\t\t\t\t\t<\/div>\n\t\t<\/div>\n\t\t\t\t\t\t\t<\/div>\n\t\t<\/section>\n\t\t\t\t\t\t<\/div>\n\t\t\t\t\t<\/div>\n\t\t","protected":false},"excerpt":{"rendered":"","protected":false},"author":1,"featured_media":0,"parent":0,"menu_order":0,"comment_status":"closed","ping_status":"closed","template":"","meta":[],"acf":[],"yoast_head":"<!-- This site is optimized with the Yoast SEO plugin v17.8 - https:\/\/yoast.com\/wordpress\/plugins\/seo\/ -->\n<title>My Account | Laboratoires Africa<\/title>\n<meta name=\"description\" content=\"laboratoires africa tunisie, maquillage tunisie, vernis tunisie, eye liner tunisie, eau micellaire tunisie, fond de teint tunisie, soin capillaire tunisie, soin visage tunisie, hygi\u00e8ne corporelle tunisie, parfums tunisie, eau de parfum tunisie, eau de cologne tunisie, cr\u00e8me hydratante tunisie, gel douche tunisie, baume \u00e0 l\u00e8vres tunisie, brume parfum\u00e9e tunisie, coffret de naissance tunisie, cr\u00e8me \u00e0 raser tunisie, d\u00e9odorant parfum\u00e9 tunisie, kit vernis tunisie,\" \/>\n<meta name=\"robots\" content=\"index, follow, max-snippet:-1, max-image-preview:large, max-video-preview:-1\" \/>\n<link rel=\"canonical\" href=\"https:\/\/www.laboratoires-africa.com\/en\/my-account\/\" \/>\n<meta property=\"og:locale\" content=\"en_US\" \/>\n<meta property=\"og:type\" content=\"article\" \/>\n<meta property=\"og:title\" content=\"My Account | Laboratoires Africa\" \/>\n<meta property=\"og:description\" content=\"laboratoires africa tunisie, maquillage tunisie, vernis tunisie, eye liner tunisie, eau micellaire tunisie, fond de teint tunisie, soin capillaire tunisie, soin visage tunisie, hygi\u00e8ne corporelle tunisie, parfums tunisie, eau de parfum tunisie, eau de cologne tunisie, cr\u00e8me hydratante tunisie, gel douche tunisie, baume \u00e0 l\u00e8vres tunisie, brume parfum\u00e9e tunisie, coffret de naissance tunisie, cr\u00e8me \u00e0 raser tunisie, d\u00e9odorant parfum\u00e9 tunisie, kit vernis tunisie,\" \/>\n<meta property=\"og:url\" content=\"https:\/\/www.laboratoires-africa.com\/en\/my-account\/\" \/>\n<meta property=\"og:site_name\" content=\"Laboratoires Africa\" \/>\n<meta property=\"article:publisher\" content=\"https:\/\/www.facebook.com\/Laboratoires.Africa\" \/>\n<meta property=\"article:modified_time\" content=\"2021-05-16T18:12:31+00:00\" \/>\n<meta property=\"og:image\" content=\"https:\/\/www.laboratoires-africa.com\/wp-content\/uploads\/2023\/01\/lab.png\" \/>\n\t<meta property=\"og:image:width\" content=\"381\" \/>\n\t<meta property=\"og:image:height\" content=\"200\" \/>\n<meta name=\"twitter:card\" content=\"summary_large_image\" \/>\n<script type=\"application\/ld+json\" class=\"yoast-schema-graph\">{\"@context\":\"https:\/\/schema.org\",\"@graph\":[{\"@type\":\"Organization\",\"@id\":\"https:\/\/www.laboratoires-africa.com\/#organization\",\"name\":\"Laboratoires Africa Tunisie\",\"url\":\"https:\/\/www.laboratoires-africa.com\/\",\"sameAs\":[\"https:\/\/www.facebook.com\/Laboratoires.Africa\",\"https:\/\/www.instagram.com\/laboratoires.africa\/\"],\"logo\":{\"@type\":\"ImageObject\",\"@id\":\"https:\/\/www.laboratoires-africa.com\/#logo\",\"inLanguage\":\"en-US\",\"url\":\"https:\/\/www.laboratoires-africa.com\/wp-content\/uploads\/2023\/01\/lab.png\",\"contentUrl\":\"https:\/\/www.laboratoires-africa.com\/wp-content\/uploads\/2023\/01\/lab.png\",\"width\":381,\"height\":200,\"caption\":\"Laboratoires Africa Tunisie\"},\"image\":{\"@id\":\"https:\/\/www.laboratoires-africa.com\/#logo\"}},{\"@type\":\"WebSite\",\"@id\":\"https:\/\/www.laboratoires-africa.com\/#website\",\"url\":\"https:\/\/www.laboratoires-africa.com\/\",\"name\":\"Laboratoires Africa\",\"description\":\"laboratoires africa tunisie, maquillage tunisie, vernis tunisie, eye liner tunisie, eau micellaire tunisie, fond de teint tunisie, soin capillaire  tunisie, soin visage tunisie, hygi\\u00e8ne corporelle tunisie, parfums tunisie, eau de parfum tunisie, eau de cologne tunisie, cr\\u00e8me hydratante tunisie, gel douche tunisie, baume \\u00e0 l\\u00e8vres tunisie, brume parfum\\u00e9e tunisie, coffret de naissance tunisie, cr\\u00e8me \\u00e0 raser tunisie, d\\u00e9odorant parfum\\u00e9 tunisie, kit vernis tunisie,\",\"publisher\":{\"@id\":\"https:\/\/www.laboratoires-africa.com\/#organization\"},\"potentialAction\":[{\"@type\":\"SearchAction\",\"target\":{\"@type\":\"EntryPoint\",\"urlTemplate\":\"https:\/\/www.laboratoires-africa.com\/?s={search_term_string}\"},\"query-input\":\"required name=search_term_string\"}],\"inLanguage\":\"en-US\"},{\"@type\":\"WebPage\",\"@id\":\"https:\/\/www.laboratoires-africa.com\/en\/my-account\/#webpage\",\"url\":\"https:\/\/www.laboratoires-africa.com\/en\/my-account\/\",\"name\":\"My Account | Laboratoires Africa\",\"isPartOf\":{\"@id\":\"https:\/\/www.laboratoires-africa.com\/#website\"},\"datePublished\":\"2021-05-16T18:09:45+00:00\",\"dateModified\":\"2021-05-16T18:12:31+00:00\",\"description\":\"laboratoires africa tunisie, maquillage tunisie, vernis tunisie, eye liner tunisie, eau micellaire tunisie, fond de teint tunisie, soin capillaire tunisie, soin visage tunisie, hygi\\u00e8ne corporelle tunisie, parfums tunisie, eau de parfum tunisie, eau de cologne tunisie, cr\\u00e8me hydratante tunisie, gel douche tunisie, baume \\u00e0 l\\u00e8vres tunisie, brume parfum\\u00e9e tunisie, coffret de naissance tunisie, cr\\u00e8me \\u00e0 raser tunisie, d\\u00e9odorant parfum\\u00e9 tunisie, kit vernis tunisie,\",\"breadcrumb\":{\"@id\":\"https:\/\/www.laboratoires-africa.com\/en\/my-account\/#breadcrumb\"},\"inLanguage\":\"en-US\",\"potentialAction\":[{\"@type\":\"ReadAction\",\"target\":[\"https:\/\/www.laboratoires-africa.com\/en\/my-account\/\"]}]},{\"@type\":\"BreadcrumbList\",\"@id\":\"https:\/\/www.laboratoires-africa.com\/en\/my-account\/#breadcrumb\",\"itemListElement\":[{\"@type\":\"ListItem\",\"position\":1,\"name\":\"Accueil\",\"item\":\"https:\/\/www.laboratoires-africa.com\/en\/\"},{\"@type\":\"ListItem\",\"position\":2,\"name\":\"My Account\"}]}]}<\/script>\n<!-- \/ Yoast SEO plugin. -->","yoast_head_json":{"title":"My Account | Laboratoires Africa","description":"laboratoires africa tunisie, maquillage tunisie, vernis tunisie, eye liner tunisie, eau micellaire tunisie, fond de teint tunisie, soin capillaire tunisie, soin visage tunisie, hygi\u00e8ne corporelle tunisie, parfums tunisie, eau de parfum tunisie, eau de cologne tunisie, cr\u00e8me hydratante tunisie, gel douche tunisie, baume \u00e0 l\u00e8vres tunisie, brume parfum\u00e9e tunisie, coffret de naissance tunisie, cr\u00e8me \u00e0 raser tunisie, d\u00e9odorant parfum\u00e9 tunisie, kit vernis tunisie,","robots":{"index":"index","follow":"follow","max-snippet":"max-snippet:-1","max-image-preview":"max-image-preview:large","max-video-preview":"max-video-preview:-1"},"canonical":"https:\/\/www.laboratoires-africa.com\/en\/my-account\/","og_locale":"en_US","og_type":"article","og_title":"My Account | Laboratoires Africa","og_description":"laboratoires africa tunisie, maquillage tunisie, vernis tunisie, eye liner tunisie, eau micellaire tunisie, fond de teint tunisie, soin capillaire tunisie, soin visage tunisie, hygi\u00e8ne corporelle tunisie, parfums tunisie, eau de parfum tunisie, eau de cologne tunisie, cr\u00e8me hydratante tunisie, gel douche tunisie, baume \u00e0 l\u00e8vres tunisie, brume parfum\u00e9e tunisie, coffret de naissance tunisie, cr\u00e8me \u00e0 raser tunisie, d\u00e9odorant parfum\u00e9 tunisie, kit vernis tunisie,","og_url":"https:\/\/www.laboratoires-africa.com\/en\/my-account\/","og_site_name":"Laboratoires Africa","article_publisher":"https:\/\/www.facebook.com\/Laboratoires.Africa","article_modified_time":"2021-05-16T18:12:31+00:00","og_image":[{"width":381,"height":200,"url":"https:\/\/www.laboratoires-africa.com\/wp-content\/uploads\/2023\/01\/lab.png","type":"image\/png"}],"twitter_card":"summary_large_image","schema":{"@context":"https:\/\/schema.org","@graph":[{"@type":"Organization","@id":"https:\/\/www.laboratoires-africa.com\/#organization","name":"Laboratoires Africa Tunisie","url":"https:\/\/www.laboratoires-africa.com\/","sameAs":["https:\/\/www.facebook.com\/Laboratoires.Africa","https:\/\/www.instagram.com\/laboratoires.africa\/"],"logo":{"@type":"ImageObject","@id":"https:\/\/www.laboratoires-africa.com\/#logo","inLanguage":"en-US","url":"https:\/\/www.laboratoires-africa.com\/wp-content\/uploads\/2023\/01\/lab.png","contentUrl":"https:\/\/www.laboratoires-africa.com\/wp-content\/uploads\/2023\/01\/lab.png","width":381,"height":200,"caption":"Laboratoires Africa Tunisie"},"image":{"@id":"https:\/\/www.laboratoires-africa.com\/#logo"}},{"@type":"WebSite","@id":"https:\/\/www.laboratoires-africa.com\/#website","url":"https:\/\/www.laboratoires-africa.com\/","name":"Laboratoires Africa","description":"laboratoires africa tunisie, maquillage tunisie, vernis tunisie, eye liner tunisie, eau micellaire tunisie, fond de teint tunisie, soin capillaire  tunisie, soin visage tunisie, hygi\u00e8ne corporelle tunisie, parfums tunisie, eau de parfum tunisie, eau de cologne tunisie, cr\u00e8me hydratante tunisie, gel douche tunisie, baume \u00e0 l\u00e8vres tunisie, brume parfum\u00e9e tunisie, coffret de naissance tunisie, cr\u00e8me \u00e0 raser tunisie, d\u00e9odorant parfum\u00e9 tunisie, kit vernis tunisie,","publisher":{"@id":"https:\/\/www.laboratoires-africa.com\/#organization"},"potentialAction":[{"@type":"SearchAction","target":{"@type":"EntryPoint","urlTemplate":"https:\/\/www.laboratoires-africa.com\/?s={search_term_string}"},"query-input":"required name=search_term_string"}],"inLanguage":"en-US"},{"@type":"WebPage","@id":"https:\/\/www.laboratoires-africa.com\/en\/my-account\/#webpage","url":"https:\/\/www.laboratoires-africa.com\/en\/my-account\/","name":"My Account | Laboratoires Africa","isPartOf":{"@id":"https:\/\/www.laboratoires-africa.com\/#website"},"datePublished":"2021-05-16T18:09:45+00:00","dateModified":"2021-05-16T18:12:31+00:00","description":"laboratoires africa tunisie, maquillage tunisie, vernis tunisie, eye liner tunisie, eau micellaire tunisie, fond de teint tunisie, soin capillaire tunisie, soin visage tunisie, hygi\u00e8ne corporelle tunisie, parfums tunisie, eau de parfum tunisie, eau de cologne tunisie, cr\u00e8me hydratante tunisie, gel douche tunisie, baume \u00e0 l\u00e8vres tunisie, brume parfum\u00e9e tunisie, coffret de naissance tunisie, cr\u00e8me \u00e0 raser tunisie, d\u00e9odorant parfum\u00e9 tunisie, kit vernis tunisie,","breadcrumb":{"@id":"https:\/\/www.laboratoires-africa.com\/en\/my-account\/#breadcrumb"},"inLanguage":"en-US","potentialAction":[{"@type":"ReadAction","target":["https:\/\/www.laboratoires-africa.com\/en\/my-account\/"]}]},{"@type":"BreadcrumbList","@id":"https:\/\/www.laboratoires-africa.com\/en\/my-account\/#breadcrumb","itemListElement":[{"@type":"ListItem","position":1,"name":"Accueil","item":"https:\/\/www.laboratoires-africa.com\/en\/"},{"@type":"ListItem","position":2,"name":"My Account"}]}]}},"_links":{"self":[{"href":"https:\/\/www.laboratoires-africa.com\/en\/wp-json\/wp\/v2\/pages\/4968"}],"collection":[{"href":"https:\/\/www.laboratoires-africa.com\/en\/wp-json\/wp\/v2\/pages"}],"about":[{"href":"https:\/\/www.laboratoires-africa.com\/en\/wp-json\/wp\/v2\/types\/page"}],"author":[{"embeddable":true,"href":"https:\/\/www.laboratoires-africa.com\/en\/wp-json\/wp\/v2\/users\/1"}],"replies":[{"embeddable":true,"href":"https:\/\/www.laboratoires-africa.com\/en\/wp-json\/wp\/v2\/comments?post=4968"}],"version-history":[{"count":3,"href":"https:\/\/www.laboratoires-africa.com\/en\/wp-json\/wp\/v2\/pages\/4968\/revisions"}],"predecessor-version":[{"id":4971,"href":"https:\/\/www.laboratoires-africa.com\/en\/wp-json\/wp\/v2\/pages\/4968\/revisions\/4971"}],"wp:attachment":[{"href":"https:\/\/www.laboratoires-africa.com\/en\/wp-json\/wp\/v2\/media?parent=4968"}],"curies":[{"name":"wp","href":"https:\/\/api.w.org\/{rel}","templated":true}]}}