{"id":4980,"date":"2021-05-16T20:34:40","date_gmt":"2021-05-16T18:34:40","guid":{"rendered":"https:\/\/www.laboratoires-africa.com\/?page_id=4980"},"modified":"2021-05-16T20:35:23","modified_gmt":"2021-05-16T18:35:23","slug":"wishlist","status":"publish","type":"page","link":"https:\/\/www.laboratoires-africa.com\/en\/wishlist\/","title":{"rendered":"Wishlist"},"content":{"rendered":"\t\t<div data-elementor-type=\"wp-page\" data-elementor-id=\"4980\" class=\"elementor elementor-4980\" data-elementor-settings=\"[]\">\n\t\t\t\t\t\t\t<div class=\"elementor-section-wrap\">\n\t\t\t\t\t\t\t<section class=\"elementor-section elementor-top-section elementor-element elementor-element-7e86315 elementor-section-boxed elementor-section-height-default elementor-section-height-default\" data-id=\"7e86315\" data-element_type=\"section\">\n\t\t\t\t\t\t<div class=\"elementor-container elementor-column-gap-no\">\n\t\t\t\t\t<div class=\"elementor-column elementor-col-100 elementor-top-column elementor-element elementor-element-48e6005a\" data-id=\"48e6005a\" data-element_type=\"column\">\n\t\t\t<div class=\"elementor-widget-wrap elementor-element-populated\">\n\t\t\t\t\t\t\t\t<div class=\"elementor-element elementor-element-360c7576 elementor-widget elementor-widget-shortcode\" data-id=\"360c7576\" data-element_type=\"widget\" data-widget_type=\"shortcode.default\">\n\t\t\t\t<div class=\"elementor-widget-container\">\n\t\t\t\t\t<div class=\"elementor-shortcode\">\n\n\n\n<form\n\tid=\"yith-wcwl-form\"\n\taction=\"https:\/\/www.laboratoires-africa.com\/en\/wishlist\/\"\n\tmethod=\"post\"\n\tclass=\"woocommerce yith-wcwl-form wishlist-fragment\"\n\tdata-fragment-options=\"{&quot;per_page&quot;:5,&quot;current_page&quot;:1,&quot;pagination&quot;:&quot;no&quot;,&quot;wishlist_id&quot;:false,&quot;action_params&quot;:false,&quot;no_interactions&quot;:false,&quot;layout&quot;:&quot;&quot;,&quot;wishlist&quot;:false,&quot;is_default&quot;:true,&quot;is_custom_list&quot;:false,&quot;wishlist_token&quot;:&quot;&quot;,&quot;is_private&quot;:false,&quot;count&quot;:0,&quot;page_title&quot;:&quot;Ma liste de souhait&quot;,&quot;default_wishlsit_title&quot;:&quot;Ma liste de souhait&quot;,&quot;page_links&quot;:false,&quot;is_user_logged_in&quot;:false,&quot;is_user_owner&quot;:true,&quot;can_user_edit_title&quot;:false,&quot;show_price&quot;:true,&quot;show_dateadded&quot;:false,&quot;show_stock_status&quot;:true,&quot;show_add_to_cart&quot;:true,&quot;show_remove_product&quot;:true,&quot;add_to_cart_text&quot;:&quot;Ajouter au panier&quot;,&quot;show_ask_estimate_button&quot;:false,&quot;ask_estimate_url&quot;:&quot;&quot;,&quot;price_excl_tax&quot;:true,&quot;show_cb&quot;:false,&quot;show_quantity&quot;:false,&quot;show_variation&quot;:false,&quot;show_price_variations&quot;:false,&quot;show_update&quot;:false,&quot;enable_drag_n_drop&quot;:false,&quot;enable_add_all_to_cart&quot;:false,&quot;move_to_another_wishlist&quot;:false,&quot;repeat_remove_button&quot;:false,&quot;show_last_column&quot;:true,&quot;heading_icon&quot;:&quot;&lt;i class=\\&quot;fa fa-heart-o\\&quot;&gt;&lt;\\\/i&gt;&quot;,&quot;share_enabled&quot;:false,&quot;template_part&quot;:&quot;view&quot;,&quot;additional_info&quot;:false,&quot;available_multi_wishlist&quot;:false,&quot;form_action&quot;:&quot;https:\\\/\\\/www.laboratoires-africa.com\\\/en\\\/wishlist\\\/&quot;,&quot;item&quot;:&quot;wishlist&quot;}\"\n>\n\n\t<!-- TITLE -->\n\t\t\t<div class=\"wishlist-title-container\">\n\t\t\t<div class=\"wishlist-title \">\n\t\t\t\t<h2>Ma liste de souhait<\/h2>\t\t\t\t\t\t\t<\/div>\n\t\t\t\t\t<\/div>\n\t\t\n\n<!-- WISHLIST TABLE -->\n<table\n\tclass=\"shop_table cart wishlist_table wishlist_view traditional responsive   \"\n\tdata-pagination=\"no\" data-per-page=\"5\" data-page=\"1\"\n\tdata-id=\"\" data-token=\"\">\n\n\t\n\t<thead>\n\t<tr>\n\t\t\n\t\t\t\t\t\t\t\t<th class=\"product-remove\">\n\t\t\t\t<span class=\"nobr\">\n\t\t\t\t\t\t\t\t\t<\/span>\n\t\t\t<\/th>\n\t\t\n\t\t<th class=\"product-thumbnail\"><\/th>\n\n\t\t<th class=\"product-name\">\n\t\t\t<span class=\"nobr\">\n\t\t\t\tProduct name\t\t\t<\/span>\n\t\t<\/th>\n\n\t\t\t\t\t\t\t\t<th class=\"product-price\">\n\t\t\t\t<span class=\"nobr\">\n\t\t\t\t\tUnit price\t\t\t\t<\/span>\n\t\t\t<\/th>\n\t\t\n\t\t\n\t\t\t\t\t\t\t\t<th class=\"product-stock-status\">\n\t\t\t\t<span class=\"nobr\">\n\t\t\t\t\tStock status\t\t\t\t<\/span>\n\t\t\t<\/th>\n\t\t\n\t\t\t\t\t\t\t\t<th class=\"product-add-to-cart\">\n\t\t\t\t<span class=\"nobr\">\n\t\t\t\t\t\t\t\t\t<\/span>\n\t\t\t<\/th>\n\t\t\n\t\t\t<\/tr>\n\t<\/thead>\n\n\t<tbody class=\"wishlist-items-wrapper\">\n\t\t\t<tr>\n\t\t\t<td colspan=\"6\" class=\"wishlist-empty\">No products added to the wishlist<\/td>\n\t\t<\/tr>\n\t\t\t<\/tbody>\n\n<\/table>\n\n\t<div class=\"yith_wcwl_wishlist_footer\">\n\t\t\n\n\t\t\n\n\t\t\n\t\t\t<\/div>\n\n\t<input type=\"hidden\" id=\"yith_wcwl_edit_wishlist\" name=\"yith_wcwl_edit_wishlist\" value=\"70458ebeb2\" \/><input type=\"hidden\" name=\"_wp_http_referer\" value=\"\/en\/wp-json\/wp\/v2\/pages\/4980\" \/>\t<input type=\"hidden\" value=\"\" name=\"wishlist_id\" id=\"wishlist_id\">\n\n\t\n<\/form>\n\n\n\n<\/div>\n\t\t\t\t<\/div>\n\t\t\t\t<\/div>\n\t\t\t\t\t<\/div>\n\t\t<\/div>\n\t\t\t\t\t\t\t<\/div>\n\t\t<\/section>\n\t\t\t\t\t\t<\/div>\n\t\t\t\t\t<\/div>\n\t\t","protected":false},"excerpt":{"rendered":"Ma liste de souhait Product name Unit price Stock status No products added to the wishlist","protected":false},"author":1,"featured_media":0,"parent":0,"menu_order":0,"comment_status":"closed","ping_status":"closed","template":"","meta":[],"acf":[],"yoast_head":"<!-- This site is optimized with the Yoast SEO plugin v17.8 - https:\/\/yoast.com\/wordpress\/plugins\/seo\/ -->\n<title>Wishlist | Laboratoires Africa<\/title>\n<meta name=\"description\" content=\"laboratoires africa tunisie, maquillage tunisie, vernis tunisie, eye liner tunisie, eau micellaire tunisie, fond de teint tunisie, soin capillaire tunisie, soin visage tunisie, hygi\u00e8ne corporelle tunisie, parfums tunisie, eau de parfum tunisie, eau de cologne tunisie, cr\u00e8me hydratante tunisie, gel douche tunisie, baume \u00e0 l\u00e8vres tunisie, brume parfum\u00e9e tunisie, coffret de naissance tunisie, cr\u00e8me \u00e0 raser tunisie, d\u00e9odorant parfum\u00e9 tunisie, kit vernis tunisie,\" \/>\n<meta name=\"robots\" content=\"index, follow, max-snippet:-1, max-image-preview:large, max-video-preview:-1\" \/>\n<link rel=\"canonical\" href=\"https:\/\/www.laboratoires-africa.com\/en\/wishlist\/\" \/>\n<meta property=\"og:locale\" content=\"en_US\" \/>\n<meta property=\"og:type\" content=\"article\" \/>\n<meta property=\"og:title\" content=\"Wishlist | Laboratoires Africa\" \/>\n<meta property=\"og:description\" content=\"laboratoires africa tunisie, maquillage tunisie, vernis tunisie, eye liner tunisie, eau micellaire tunisie, fond de teint tunisie, soin capillaire tunisie, soin visage tunisie, hygi\u00e8ne corporelle tunisie, parfums tunisie, eau de parfum tunisie, eau de cologne tunisie, cr\u00e8me hydratante tunisie, gel douche tunisie, baume \u00e0 l\u00e8vres tunisie, brume parfum\u00e9e tunisie, coffret de naissance tunisie, cr\u00e8me \u00e0 raser tunisie, d\u00e9odorant parfum\u00e9 tunisie, kit vernis tunisie,\" \/>\n<meta property=\"og:url\" content=\"https:\/\/www.laboratoires-africa.com\/en\/wishlist\/\" \/>\n<meta property=\"og:site_name\" content=\"Laboratoires Africa\" \/>\n<meta property=\"article:publisher\" content=\"https:\/\/www.facebook.com\/Laboratoires.Africa\" \/>\n<meta property=\"article:modified_time\" content=\"2021-05-16T18:35:23+00:00\" \/>\n<meta property=\"og:image\" content=\"https:\/\/www.laboratoires-africa.com\/wp-content\/uploads\/2023\/01\/lab.png\" \/>\n\t<meta property=\"og:image:width\" content=\"381\" \/>\n\t<meta property=\"og:image:height\" content=\"200\" \/>\n<meta name=\"twitter:card\" content=\"summary_large_image\" \/>\n<script type=\"application\/ld+json\" class=\"yoast-schema-graph\">{\"@context\":\"https:\/\/schema.org\",\"@graph\":[{\"@type\":\"Organization\",\"@id\":\"https:\/\/www.laboratoires-africa.com\/#organization\",\"name\":\"Laboratoires Africa Tunisie\",\"url\":\"https:\/\/www.laboratoires-africa.com\/\",\"sameAs\":[\"https:\/\/www.facebook.com\/Laboratoires.Africa\",\"https:\/\/www.instagram.com\/laboratoires.africa\/\"],\"logo\":{\"@type\":\"ImageObject\",\"@id\":\"https:\/\/www.laboratoires-africa.com\/#logo\",\"inLanguage\":\"en-US\",\"url\":\"https:\/\/www.laboratoires-africa.com\/wp-content\/uploads\/2023\/01\/lab.png\",\"contentUrl\":\"https:\/\/www.laboratoires-africa.com\/wp-content\/uploads\/2023\/01\/lab.png\",\"width\":381,\"height\":200,\"caption\":\"Laboratoires Africa Tunisie\"},\"image\":{\"@id\":\"https:\/\/www.laboratoires-africa.com\/#logo\"}},{\"@type\":\"WebSite\",\"@id\":\"https:\/\/www.laboratoires-africa.com\/#website\",\"url\":\"https:\/\/www.laboratoires-africa.com\/\",\"name\":\"Laboratoires Africa\",\"description\":\"laboratoires africa tunisie, maquillage tunisie, vernis tunisie, eye liner tunisie, eau micellaire tunisie, fond de teint tunisie, soin capillaire  tunisie, soin visage tunisie, hygi\\u00e8ne corporelle tunisie, parfums tunisie, eau de parfum tunisie, eau de cologne tunisie, cr\\u00e8me hydratante tunisie, gel douche tunisie, baume \\u00e0 l\\u00e8vres tunisie, brume parfum\\u00e9e tunisie, coffret de naissance tunisie, cr\\u00e8me \\u00e0 raser tunisie, d\\u00e9odorant parfum\\u00e9 tunisie, kit vernis tunisie,\",\"publisher\":{\"@id\":\"https:\/\/www.laboratoires-africa.com\/#organization\"},\"potentialAction\":[{\"@type\":\"SearchAction\",\"target\":{\"@type\":\"EntryPoint\",\"urlTemplate\":\"https:\/\/www.laboratoires-africa.com\/?s={search_term_string}\"},\"query-input\":\"required name=search_term_string\"}],\"inLanguage\":\"en-US\"},{\"@type\":\"WebPage\",\"@id\":\"https:\/\/www.laboratoires-africa.com\/en\/wishlist\/#webpage\",\"url\":\"https:\/\/www.laboratoires-africa.com\/en\/wishlist\/\",\"name\":\"Wishlist | Laboratoires Africa\",\"isPartOf\":{\"@id\":\"https:\/\/www.laboratoires-africa.com\/#website\"},\"datePublished\":\"2021-05-16T18:34:40+00:00\",\"dateModified\":\"2021-05-16T18:35:23+00:00\",\"description\":\"laboratoires africa tunisie, maquillage tunisie, vernis tunisie, eye liner tunisie, eau micellaire tunisie, fond de teint tunisie, soin capillaire tunisie, soin visage tunisie, hygi\\u00e8ne corporelle tunisie, parfums tunisie, eau de parfum tunisie, eau de cologne tunisie, cr\\u00e8me hydratante tunisie, gel douche tunisie, baume \\u00e0 l\\u00e8vres tunisie, brume parfum\\u00e9e tunisie, coffret de naissance tunisie, cr\\u00e8me \\u00e0 raser tunisie, d\\u00e9odorant parfum\\u00e9 tunisie, kit vernis tunisie,\",\"breadcrumb\":{\"@id\":\"https:\/\/www.laboratoires-africa.com\/en\/wishlist\/#breadcrumb\"},\"inLanguage\":\"en-US\",\"potentialAction\":[{\"@type\":\"ReadAction\",\"target\":[\"https:\/\/www.laboratoires-africa.com\/en\/wishlist\/\"]}]},{\"@type\":\"BreadcrumbList\",\"@id\":\"https:\/\/www.laboratoires-africa.com\/en\/wishlist\/#breadcrumb\",\"itemListElement\":[{\"@type\":\"ListItem\",\"position\":1,\"name\":\"Accueil\",\"item\":\"https:\/\/www.laboratoires-africa.com\/en\/\"},{\"@type\":\"ListItem\",\"position\":2,\"name\":\"Wishlist\"}]}]}<\/script>\n<!-- \/ Yoast SEO plugin. -->","yoast_head_json":{"title":"Wishlist | Laboratoires Africa","description":"laboratoires africa tunisie, maquillage tunisie, vernis tunisie, eye liner tunisie, eau micellaire tunisie, fond de teint tunisie, soin capillaire tunisie, soin visage tunisie, hygi\u00e8ne corporelle tunisie, parfums tunisie, eau de parfum tunisie, eau de cologne tunisie, cr\u00e8me hydratante tunisie, gel douche tunisie, baume \u00e0 l\u00e8vres tunisie, brume parfum\u00e9e tunisie, coffret de naissance tunisie, cr\u00e8me \u00e0 raser tunisie, d\u00e9odorant parfum\u00e9 tunisie, kit vernis tunisie,","robots":{"index":"index","follow":"follow","max-snippet":"max-snippet:-1","max-image-preview":"max-image-preview:large","max-video-preview":"max-video-preview:-1"},"canonical":"https:\/\/www.laboratoires-africa.com\/en\/wishlist\/","og_locale":"en_US","og_type":"article","og_title":"Wishlist | Laboratoires Africa","og_description":"laboratoires africa tunisie, maquillage tunisie, vernis tunisie, eye liner tunisie, eau micellaire tunisie, fond de teint tunisie, soin capillaire tunisie, soin visage tunisie, hygi\u00e8ne corporelle tunisie, parfums tunisie, eau de parfum tunisie, eau de cologne tunisie, cr\u00e8me hydratante tunisie, gel douche tunisie, baume \u00e0 l\u00e8vres tunisie, brume parfum\u00e9e tunisie, coffret de naissance tunisie, cr\u00e8me \u00e0 raser tunisie, d\u00e9odorant parfum\u00e9 tunisie, kit vernis tunisie,","og_url":"https:\/\/www.laboratoires-africa.com\/en\/wishlist\/","og_site_name":"Laboratoires Africa","article_publisher":"https:\/\/www.facebook.com\/Laboratoires.Africa","article_modified_time":"2021-05-16T18:35:23+00:00","og_image":[{"width":381,"height":200,"url":"https:\/\/www.laboratoires-africa.com\/wp-content\/uploads\/2023\/01\/lab.png","type":"image\/png"}],"twitter_card":"summary_large_image","schema":{"@context":"https:\/\/schema.org","@graph":[{"@type":"Organization","@id":"https:\/\/www.laboratoires-africa.com\/#organization","name":"Laboratoires Africa Tunisie","url":"https:\/\/www.laboratoires-africa.com\/","sameAs":["https:\/\/www.facebook.com\/Laboratoires.Africa","https:\/\/www.instagram.com\/laboratoires.africa\/"],"logo":{"@type":"ImageObject","@id":"https:\/\/www.laboratoires-africa.com\/#logo","inLanguage":"en-US","url":"https:\/\/www.laboratoires-africa.com\/wp-content\/uploads\/2023\/01\/lab.png","contentUrl":"https:\/\/www.laboratoires-africa.com\/wp-content\/uploads\/2023\/01\/lab.png","width":381,"height":200,"caption":"Laboratoires Africa Tunisie"},"image":{"@id":"https:\/\/www.laboratoires-africa.com\/#logo"}},{"@type":"WebSite","@id":"https:\/\/www.laboratoires-africa.com\/#website","url":"https:\/\/www.laboratoires-africa.com\/","name":"Laboratoires Africa","description":"laboratoires africa tunisie, maquillage tunisie, vernis tunisie, eye liner tunisie, eau micellaire tunisie, fond de teint tunisie, soin capillaire  tunisie, soin visage tunisie, hygi\u00e8ne corporelle tunisie, parfums tunisie, eau de parfum tunisie, eau de cologne tunisie, cr\u00e8me hydratante tunisie, gel douche tunisie, baume \u00e0 l\u00e8vres tunisie, brume parfum\u00e9e tunisie, coffret de naissance tunisie, cr\u00e8me \u00e0 raser tunisie, d\u00e9odorant parfum\u00e9 tunisie, kit vernis tunisie,","publisher":{"@id":"https:\/\/www.laboratoires-africa.com\/#organization"},"potentialAction":[{"@type":"SearchAction","target":{"@type":"EntryPoint","urlTemplate":"https:\/\/www.laboratoires-africa.com\/?s={search_term_string}"},"query-input":"required name=search_term_string"}],"inLanguage":"en-US"},{"@type":"WebPage","@id":"https:\/\/www.laboratoires-africa.com\/en\/wishlist\/#webpage","url":"https:\/\/www.laboratoires-africa.com\/en\/wishlist\/","name":"Wishlist | Laboratoires Africa","isPartOf":{"@id":"https:\/\/www.laboratoires-africa.com\/#website"},"datePublished":"2021-05-16T18:34:40+00:00","dateModified":"2021-05-16T18:35:23+00:00","description":"laboratoires africa tunisie, maquillage tunisie, vernis tunisie, eye liner tunisie, eau micellaire tunisie, fond de teint tunisie, soin capillaire tunisie, soin visage tunisie, hygi\u00e8ne corporelle tunisie, parfums tunisie, eau de parfum tunisie, eau de cologne tunisie, cr\u00e8me hydratante tunisie, gel douche tunisie, baume \u00e0 l\u00e8vres tunisie, brume parfum\u00e9e tunisie, coffret de naissance tunisie, cr\u00e8me \u00e0 raser tunisie, d\u00e9odorant parfum\u00e9 tunisie, kit vernis tunisie,","breadcrumb":{"@id":"https:\/\/www.laboratoires-africa.com\/en\/wishlist\/#breadcrumb"},"inLanguage":"en-US","potentialAction":[{"@type":"ReadAction","target":["https:\/\/www.laboratoires-africa.com\/en\/wishlist\/"]}]},{"@type":"BreadcrumbList","@id":"https:\/\/www.laboratoires-africa.com\/en\/wishlist\/#breadcrumb","itemListElement":[{"@type":"ListItem","position":1,"name":"Accueil","item":"https:\/\/www.laboratoires-africa.com\/en\/"},{"@type":"ListItem","position":2,"name":"Wishlist"}]}]}},"_links":{"self":[{"href":"https:\/\/www.laboratoires-africa.com\/en\/wp-json\/wp\/v2\/pages\/4980"}],"collection":[{"href":"https:\/\/www.laboratoires-africa.com\/en\/wp-json\/wp\/v2\/pages"}],"about":[{"href":"https:\/\/www.laboratoires-africa.com\/en\/wp-json\/wp\/v2\/types\/page"}],"author":[{"embeddable":true,"href":"https:\/\/www.laboratoires-africa.com\/en\/wp-json\/wp\/v2\/users\/1"}],"replies":[{"embeddable":true,"href":"https:\/\/www.laboratoires-africa.com\/en\/wp-json\/wp\/v2\/comments?post=4980"}],"version-history":[{"count":2,"href":"https:\/\/www.laboratoires-africa.com\/en\/wp-json\/wp\/v2\/pages\/4980\/revisions"}],"predecessor-version":[{"id":4982,"href":"https:\/\/www.laboratoires-africa.com\/en\/wp-json\/wp\/v2\/pages\/4980\/revisions\/4982"}],"wp:attachment":[{"href":"https:\/\/www.laboratoires-africa.com\/en\/wp-json\/wp\/v2\/media?parent=4980"}],"curies":[{"name":"wp","href":"https:\/\/api.w.org\/{rel}","templated":true}]}}